{"id":721,"date":"2018-07-10T12:53:32","date_gmt":"2018-07-10T15:53:32","guid":{"rendered":"https:\/\/isfdgralacha-lpa.infd.edu.ar\/sitio\/?page_id=721"},"modified":"2023-08-24T22:27:06","modified_gmt":"2023-08-25T01:27:06","slug":"profesorado-en-letras","status":"publish","type":"page","link":"https:\/\/isfdgralacha-lpa.infd.edu.ar\/sitio\/profesorado-en-letras\/","title":{"rendered":"Profesorado en Educaci\u00f3n Inicial"},"content":{"rendered":"\n<p><span style=\"color: #cc6600; font-family: Arial; font-size: medium;\"><strong>El contenido de esta p\u00e1gina es s\u00f3lo un ejemplo<\/strong><\/span><\/p>\n\n\n\n<p><span style=\"font-family: verdana,geneva; font-size: small;\">El Profesorado en Letras tiene como objetivo principal formar docentes&nbsp; competentes en el \u00e1rea&nbsp;t\u00e9cnica, con s\u00f3lidos conocimientos pedag\u00f3gicos,&nbsp;atentos a los cambios y transformaciones propios de nuestra&nbsp;tarea cotidiana y comprometidos con la realidad sociocultural de nuestro pa\u00eds, con un perfil abierto a las necesidades de los otros en el mundo que nos toca transitar.<\/span><\/p>\n\n\n\n<p><span style=\"font-family: verdana,geneva; font-size: small;\">Nos preocupa una formaci\u00f3n integral e integrada que se cristaliza a partir de dos ejes vertebradores:&nbsp;<\/span><\/p>\n\n\n\n<ul>\n<li>\n<p style=\"margin-right: 20px;\" align=\"justify\"><span style=\"font-family: verdana,geneva; font-size: small;\">la formaci\u00f3n pedag\u00f3gica que involucra la preparaci\u00f3n en la actividad de la ense\u00f1anza a trav\u00e9s del abordaje de las diferentes metodolog\u00edas que conforman el quehacer \u00e1ulico;&nbsp;<\/span><\/p>\n<\/li>\n\n\n\n<li>\n<p style=\"margin-right: 20px;\" align=\"justify\"><span style=\"font-family: verdana,geneva; font-size: small;\">la formaci\u00f3n en Letras a partir de la cual se&nbsp;busca insertar al alumno en el mundo de la literatura y el lenguaje en permanente contacto con otras disciplinas de las Ciencias Sociales y Humanas.<\/span><\/p>\n<\/li>\n<\/ul>\n\n\n\n<p><span style=\"font-family: verdana,geneva; font-size: small;\">En nuestro escenario de acci\u00f3n cada uno de nuestros alumnos son los protagonistas de este trabajo en equipo que llevamos a cabo junto con los&nbsp;docentes, y en el cual tenemos como meta en com\u00fan la adquisici\u00f3n de las competencias necesarias para desarrollar con responsabilidad y eficiencia nuestra tarea.<\/span><\/p>\n\n\n\n<p><span style=\"font-family: verdana,geneva; font-size: small;\">Por esta finalidad es que construimos espacios de participaci\u00f3n en los que desarrollamos Proyectos Interdisciplinarios&nbsp;con otras Areas y Carreras, Proyectos Comunitarios que permitan a nuestros estudiantes conocer y trabajar en&nbsp; instituciones con distintas realidades socioecon\u00f3micas brindando lo que saben hacer al servicio del que m\u00e1s lo necesita.<\/span><\/p>\n","protected":false},"excerpt":{"rendered":"<p>El contenido de esta p\u00e1gina es s\u00f3lo un ejemplo El Profesorado en Letras tiene como objetivo principal formar docentes&nbsp; competentes en el \u00e1rea&nbsp;t\u00e9cnica, con s\u00f3lidos conocimientos pedag\u00f3gicos,&nbsp;atentos a los cambios y transformaciones propios de nuestra&nbsp;tarea cotidiana y comprometidos con la realidad sociocultural de nuestro pa\u00eds, con un perfil abierto a las necesidades de los otros &#8230; <a title=\"Profesorado en Educaci\u00f3n Inicial\" class=\"read-more\" href=\"https:\/\/isfdgralacha-lpa.infd.edu.ar\/sitio\/profesorado-en-letras\/\" aria-label=\"More on Profesorado en Educaci\u00f3n Inicial\">[+]<\/a><\/p>\n","protected":false},"author":663,"featured_media":0,"parent":0,"menu_order":0,"comment_status":"closed","ping_status":"closed","template":"","meta":[],"acf":[],"_links":{"self":[{"href":"https:\/\/isfdgralacha-lpa.infd.edu.ar\/sitio\/wp-json\/wp\/v2\/pages\/721"}],"collection":[{"href":"https:\/\/isfdgralacha-lpa.infd.edu.ar\/sitio\/wp-json\/wp\/v2\/pages"}],"about":[{"href":"https:\/\/isfdgralacha-lpa.infd.edu.ar\/sitio\/wp-json\/wp\/v2\/types\/page"}],"author":[{"embeddable":true,"href":"https:\/\/isfdgralacha-lpa.infd.edu.ar\/sitio\/wp-json\/wp\/v2\/users\/663"}],"replies":[{"embeddable":true,"href":"https:\/\/isfdgralacha-lpa.infd.edu.ar\/sitio\/wp-json\/wp\/v2\/comments?post=721"}],"version-history":[{"count":4,"href":"https:\/\/isfdgralacha-lpa.infd.edu.ar\/sitio\/wp-json\/wp\/v2\/pages\/721\/revisions"}],"predecessor-version":[{"id":892,"href":"https:\/\/isfdgralacha-lpa.infd.edu.ar\/sitio\/wp-json\/wp\/v2\/pages\/721\/revisions\/892"}],"wp:attachment":[{"href":"https:\/\/isfdgralacha-lpa.infd.edu.ar\/sitio\/wp-json\/wp\/v2\/media?parent=721"}],"curies":[{"name":"wp","href":"https:\/\/api.w.org\/{rel}","templated":true}]}}