{"id":722,"date":"2018-06-28T17:24:59","date_gmt":"2018-06-28T20:24:59","guid":{"rendered":"https:\/\/isfdgralacha-lpa.infd.edu.ar\/sitio\/profesorado-en-educacion-primaria\/"},"modified":"2023-08-24T22:07:39","modified_gmt":"2023-08-25T01:07:39","slug":"profesorado-en-educacion-primaria","status":"publish","type":"page","link":"https:\/\/isfdgralacha-lpa.infd.edu.ar\/sitio\/profesorado-en-educacion-primaria\/","title":{"rendered":"Profesorado en Educaci\u00f3n Primaria"},"content":{"rendered":"<p>Se ofreci\u00f3 desde el a\u00f1o 2015 hasta el a\u00f1o 2022 inclusive la carrera de Profesorado de Educaci\u00f3n Primaria<\/p>\n","protected":false},"excerpt":{"rendered":"<p>Se ofreci\u00f3 desde el a\u00f1o 2015 hasta el a\u00f1o 2022 inclusive la carrera de Profesorado de Educaci\u00f3n Primaria<\/p>\n","protected":false},"author":12,"featured_media":0,"parent":0,"menu_order":0,"comment_status":"closed","ping_status":"closed","template":"","meta":[],"acf":[],"_links":{"self":[{"href":"https:\/\/isfdgralacha-lpa.infd.edu.ar\/sitio\/wp-json\/wp\/v2\/pages\/722"}],"collection":[{"href":"https:\/\/isfdgralacha-lpa.infd.edu.ar\/sitio\/wp-json\/wp\/v2\/pages"}],"about":[{"href":"https:\/\/isfdgralacha-lpa.infd.edu.ar\/sitio\/wp-json\/wp\/v2\/types\/page"}],"author":[{"embeddable":true,"href":"https:\/\/isfdgralacha-lpa.infd.edu.ar\/sitio\/wp-json\/wp\/v2\/users\/12"}],"replies":[{"embeddable":true,"href":"https:\/\/isfdgralacha-lpa.infd.edu.ar\/sitio\/wp-json\/wp\/v2\/comments?post=722"}],"version-history":[{"count":1,"href":"https:\/\/isfdgralacha-lpa.infd.edu.ar\/sitio\/wp-json\/wp\/v2\/pages\/722\/revisions"}],"predecessor-version":[{"id":885,"href":"https:\/\/isfdgralacha-lpa.infd.edu.ar\/sitio\/wp-json\/wp\/v2\/pages\/722\/revisions\/885"}],"wp:attachment":[{"href":"https:\/\/isfdgralacha-lpa.infd.edu.ar\/sitio\/wp-json\/wp\/v2\/media?parent=722"}],"curies":[{"name":"wp","href":"https:\/\/api.w.org\/{rel}","templated":true}]}}