{"id":727,"date":"2018-07-10T12:53:32","date_gmt":"2018-07-10T15:53:32","guid":{"rendered":"https:\/\/isfdgralacha-lpa.infd.edu.ar\/sitio\/?page_id=727"},"modified":"2021-12-14T19:11:52","modified_gmt":"2021-12-14T22:11:52","slug":"investigacion","status":"publish","type":"page","link":"https:\/\/isfdgralacha-lpa.infd.edu.ar\/sitio\/investigacion\/","title":{"rendered":"R\u00e9gimen de Correlatividades"},"content":{"rendered":"<p><strong><span style=\"color: #cc6600; font-family: Arial; font-size: medium;\">Cuadro de Correlatividades del Profesorado de Educaci\u00f3n Primaria<\/span><\/strong><\/p>\n<div align=\"justify\">\n<table>\n<tbody>\n<tr>\n<td colspan=\"2\" width=\"239\">UNIDADES CURRICULARES Y A\u00d1O DE CURSADA<\/td>\n<td colspan=\"2\" width=\"239\">PARA CURSAR<\/td>\n<td width=\"120\">PARA APROBAR<\/td>\n<\/tr>\n<tr>\n<td width=\"196\">Denominaci\u00f3n de la Unidad Curricular<\/td>\n<td width=\"43\">A\u00f1o<\/td>\n<td width=\"120\">Debe tener cursada<\/td>\n<td width=\"120\">Debe tener aprobada<\/td>\n<td width=\"120\">Debe tener aprobada<\/td>\n<\/tr>\n<tr>\n<td width=\"196\">Alfabetizaci\u00f3n Acad\u00e9mica<\/td>\n<td width=\"43\">1\u00b0<\/td>\n<td width=\"120\">No presenta correlatividad<\/td>\n<td width=\"120\">&#8212;&#8212;&#8212;&#8212;&#8212;&#8212;&#8211;<\/td>\n<td width=\"120\">No presenta correlatividad<\/td>\n<\/tr>\n<tr>\n<td width=\"196\">Filosof\u00eda<\/td>\n<td width=\"43\">1\u00b0<\/td>\n<td width=\"120\">No presenta correlatividad<\/td>\n<td width=\"120\">&#8212;&#8212;&#8212;&#8212;&#8212;&#8212;&#8211;<\/td>\n<td width=\"120\">No presenta correlatividad<\/td>\n<\/tr>\n<tr>\n<td width=\"196\">Pedagog\u00eda<\/td>\n<td width=\"43\">1\u00b0<\/td>\n<td width=\"120\">No presenta correlatividad<\/td>\n<td width=\"120\">&#8212;&#8212;&#8212;&#8212;&#8212;&#8212;&#8211;<\/td>\n<td width=\"120\">No presenta correlatividad<\/td>\n<\/tr>\n<tr>\n<td width=\"196\">Psicolog\u00eda Educacional<\/td>\n<td width=\"43\">1\u00b0<\/td>\n<td width=\"120\">No presenta correlatividad<\/td>\n<td width=\"120\">&#8212;&#8212;&#8212;&#8212;&#8212;&#8212;&#8211;<\/td>\n<td width=\"120\">No presenta correlatividad<\/td>\n<\/tr>\n<tr>\n<td width=\"196\">Las Tecnolog\u00edas de la Informaci\u00f3n y la Comunicaci\u00f3n y la Ense\u00f1anza<\/td>\n<td width=\"43\">1\u00b0<\/td>\n<td width=\"120\">No presenta correlatividad<\/td>\n<td width=\"120\">&#8212;&#8212;&#8212;&#8212;&#8212;&#8212;&#8211;<\/td>\n<td width=\"120\">No presenta correlatividad<\/td>\n<\/tr>\n<tr>\n<td width=\"196\">Las Ciencias Sociales en la Educaci\u00f3n Primaria<\/td>\n<td width=\"43\">1\u00b0<\/td>\n<td width=\"120\">No presenta correlatividad<\/td>\n<td width=\"120\">&#8212;&#8212;&#8212;&#8212;&#8212;&#8212;&#8211;<\/td>\n<td width=\"120\">No presenta correlatividad<\/td>\n<\/tr>\n<tr>\n<td width=\"196\">Las Ciencias Naturales en la Educaci\u00f3n Primaria<\/td>\n<td width=\"43\">1\u00b0<\/td>\n<td width=\"120\">No presenta correlatividad<\/td>\n<td width=\"120\">&#8212;&#8212;&#8212;&#8212;&#8212;&#8212;&#8211;<\/td>\n<td width=\"120\">No presenta correlatividad<\/td>\n<\/tr>\n<tr>\n<td width=\"196\">La Matem\u00e1tica en la Educaci\u00f3n Primaria<\/td>\n<td width=\"43\">1\u00b0<\/td>\n<td width=\"120\">No presenta correlatividad<\/td>\n<td width=\"120\">&#8212;&#8212;&#8212;&#8212;&#8212;&#8212;&#8211;<\/td>\n<td width=\"120\">No presenta correlatividad<\/td>\n<\/tr>\n<tr>\n<td width=\"196\">Practica I: <em>Instituciones y Contextos<\/em><\/td>\n<td width=\"43\">1\u00b0<\/td>\n<td width=\"120\">No presenta correlatividad<\/td>\n<td width=\"120\">&#8212;&#8212;&#8212;&#8212;&#8212;&#8212;&#8211;<\/td>\n<td width=\"120\">No presenta correlatividad<\/td>\n<\/tr>\n<tr>\n<td width=\"196\">Did\u00e1ctica General<\/td>\n<td width=\"43\">2\u00b0<\/td>\n<td width=\"120\">Pedagog\u00eda<\/p>\n<p>Psicolog\u00eda Educacional<\/td>\n<td width=\"120\">&#8212;&#8212;&#8212;&#8212;&#8212;&#8212;&#8211;<\/td>\n<td width=\"120\">Pedagog\u00eda<\/p>\n<p>Psicolog\u00eda Educacional<\/td>\n<\/tr>\n<tr>\n<td width=\"196\">Sociolog\u00eda de la Educaci\u00f3n<\/td>\n<td width=\"43\">2\u00b0<\/td>\n<td width=\"120\">Pedagog\u00eda<\/p>\n<p>Filosof\u00eda<\/td>\n<td width=\"120\">&#8212;&#8212;&#8212;&#8212;&#8212;&#8212;&#8211;<\/td>\n<td width=\"120\">Pedagog\u00eda<\/p>\n<p>Filosof\u00eda<\/td>\n<\/tr>\n<tr>\n<td width=\"196\">Sujetos de la Educaci\u00f3n Primaria<\/td>\n<td width=\"43\">2\u00b0<\/td>\n<td width=\"120\">Psicolog\u00eda Educacional<\/td>\n<td width=\"120\">&#8212;&#8212;&#8212;&#8212;&#8212;&#8212;&#8211;<\/td>\n<td width=\"120\">Psicolog\u00eda Educacional<\/p>\n<p>Alfabetizaci\u00f3n Acad\u00e9mica<\/td>\n<\/tr>\n<tr>\n<td width=\"196\">Lengua, Literatura y su Did\u00e1ctica I<\/td>\n<td width=\"43\">2\u00b0<\/td>\n<td width=\"120\">Alfabetizaci\u00f3n Acad\u00e9mica<\/td>\n<td width=\"120\">&#8212;&#8212;&#8212;&#8212;&#8212;&#8212;&#8211;<\/td>\n<td width=\"120\">Alfabetizaci\u00f3n Acad\u00e9mica<\/td>\n<\/tr>\n<tr>\n<td width=\"196\">Matem\u00e1tica y su Did\u00e1ctica I<\/td>\n<td width=\"43\">2\u00b0<\/td>\n<td width=\"120\">La Matem\u00e1tica en la Educaci\u00f3n Primaria<\/td>\n<td width=\"120\">&#8212;&#8212;&#8212;&#8212;&#8212;&#8212;&#8211;<\/td>\n<td width=\"120\">La Matem\u00e1tica en la Educaci\u00f3n Primaria<\/p>\n<p>Alfabetizaci\u00f3n Acad\u00e9mica<\/td>\n<\/tr>\n<tr>\n<td width=\"196\">Ciencias Sociales y su Did\u00e1ctica I<\/td>\n<td width=\"43\">2\u00b0<\/td>\n<td width=\"120\">Las Ciencias Sociales en la Educaci\u00f3n Primaria<\/td>\n<td width=\"120\">&#8212;&#8212;&#8212;&#8212;&#8212;&#8212;&#8211;<\/td>\n<td width=\"120\">Las Ciencias Sociales en la Educaci\u00f3n Primaria<\/p>\n<p>Alfabetizaci\u00f3n Acad\u00e9mica<\/td>\n<\/tr>\n<tr>\n<td width=\"196\">Ciencias Naturales y su Did\u00e1ctica I<\/td>\n<td width=\"43\">2\u00b0<\/td>\n<td width=\"120\">Las Ciencias Naturales en la Educaci\u00f3n Primaria<\/td>\n<td width=\"120\">&#8212;&#8212;&#8212;&#8212;&#8212;&#8212;&#8211;<\/td>\n<td width=\"120\">Las Ciencias Naturales en la Educaci\u00f3n Primaria<\/p>\n<p>Alfabetizaci\u00f3n Acad\u00e9mica<\/td>\n<\/tr>\n<tr>\n<td width=\"196\">Practica II: <em>Curriculum y Ense\u00f1anza<\/em><\/p>\n<p>Observaciones: Cursado simult\u00e1neo con la UC de Did\u00e1ctica General<\/td>\n<td width=\"43\">2\u00b0<\/td>\n<td width=\"120\">Practica I: Instituciones y Contextos<\/td>\n<td width=\"120\">Pedagog\u00eda<\/td>\n<td width=\"120\">Practica I: Instituciones y Contextos<\/p>\n<p>Did\u00e1ctica General<\/td>\n<\/tr>\n<tr>\n<td width=\"196\">Alfabetizaci\u00f3n Inicial<\/td>\n<td width=\"43\">3\u00b0<\/td>\n<td width=\"120\">Did\u00e1ctica General<\/p>\n<p>Lengua, Literatura y su Did\u00e1ctica I<\/td>\n<td width=\"120\">Alfabetizaci\u00f3n Acad\u00e9mica<\/td>\n<td width=\"120\">Did\u00e1ctica General<\/p>\n<p>Lengua, Literatura y su Did\u00e1ctica I<\/td>\n<\/tr>\n<tr>\n<td width=\"196\">Lengua, Literatura y su Did\u00e1ctica II<\/td>\n<td width=\"43\">3\u00b0<\/td>\n<td width=\"120\">Did\u00e1ctica General<\/p>\n<p>Lengua, Literatura y su Did\u00e1ctica I<\/td>\n<td width=\"120\">Alfabetizaci\u00f3n Acad\u00e9mica<\/td>\n<td width=\"120\">Did\u00e1ctica General<\/p>\n<p>Lengua, Literatura y su Did\u00e1ctica I<\/td>\n<\/tr>\n<tr>\n<td width=\"196\">Matem\u00e1tica y su Did\u00e1ctica II<\/td>\n<td width=\"43\">3\u00b0<\/td>\n<td width=\"120\">Did\u00e1ctica General<\/p>\n<p>Matem\u00e1tica y su Did\u00e1ctica I<\/td>\n<td width=\"120\">Alfabetizaci\u00f3n Acad\u00e9mica<\/td>\n<td width=\"120\">Did\u00e1ctica General<\/p>\n<p>Matem\u00e1tica y su Did\u00e1ctica I<\/td>\n<\/tr>\n<tr>\n<td width=\"196\">Ciencias Sociales y su Did\u00e1ctica II<\/td>\n<td width=\"43\">3\u00b0<\/td>\n<td width=\"120\">Did\u00e1ctica General<\/p>\n<p>Ciencias Sociales y su Did\u00e1ctica I<\/td>\n<td width=\"120\">Alfabetizaci\u00f3n Acad\u00e9mica<\/td>\n<td width=\"120\">Did\u00e1ctica General<\/p>\n<p>Ciencias Sociales y su Did\u00e1ctica I<\/td>\n<\/tr>\n<tr>\n<td width=\"196\">Ciencias Naturales y su Did\u00e1ctica II<\/td>\n<td width=\"43\">3\u00b0<\/td>\n<td width=\"120\">Did\u00e1ctica General<\/p>\n<p>Ciencias Naturales y su Did\u00e1ctica I<\/td>\n<td width=\"120\">Alfabetizaci\u00f3n Acad\u00e9mica<\/td>\n<td width=\"120\">Did\u00e1ctica General<\/p>\n<p>Ciencias Naturales y su Did\u00e1ctica I<\/td>\n<\/tr>\n<tr>\n<td width=\"196\">Educaci\u00f3n Sexual Integral y Cuidado de la Salud<\/td>\n<td width=\"43\">3\u00b0<\/td>\n<td width=\"120\">Sujetos de la Educaci\u00f3n Primaria<\/p>\n<p>Did\u00e1ctica General<\/p>\n<p>Ciencias Naturales y su Did\u00e1ctica I<\/p>\n<p>Ciencias Sociales y su Did\u00e1ctica I<\/td>\n<td width=\"120\"><\/td>\n<td width=\"120\">Sujetos de la Educaci\u00f3n Primaria<\/p>\n<p>Did\u00e1ctica General<\/p>\n<p>Ciencias Naturales y su Did\u00e1ctica I<\/p>\n<p>Ciencias Sociales y su Did\u00e1ctica I<\/td>\n<\/tr>\n<tr>\n<td width=\"196\">TIC y Dise\u00f1o de Materiales<\/td>\n<td width=\"43\">3\u00b0<\/td>\n<td width=\"120\">Did\u00e1ctica General<\/td>\n<td width=\"120\">Alfabetizaci\u00f3n Acad\u00e9mica<\/p>\n<p>Las Tecnolog\u00edas de la Informaci\u00f3n y la Comunicaci\u00f3n y la Ense\u00f1anza<\/td>\n<td width=\"120\">Did\u00e1ctica General<\/td>\n<\/tr>\n<tr>\n<td width=\"196\">Formaci\u00f3n \u00c9tica y Ciudadana y su Did\u00e1ctica<\/td>\n<td width=\"43\">3\u00b0<\/td>\n<td width=\"120\">Did\u00e1ctica General<\/p>\n<p>Ciencias Sociales y su Did\u00e1ctica I<\/td>\n<td width=\"120\">Alfabetizaci\u00f3n Acad\u00e9mica<\/td>\n<td width=\"120\">Did\u00e1ctica General<\/p>\n<p>Ciencias Sociales y su Did\u00e1ctica I<\/td>\n<\/tr>\n<tr>\n<td width=\"196\">Practica III: <em>La Ense\u00f1anza de las \u00c1reas<\/em><\/td>\n<td width=\"43\">3\u00b0<\/td>\n<td width=\"120\">Todas las unidades curriculares de los tres Campos de la Formaci\u00f3n de 2do. a\u00f1o<\/td>\n<td width=\"120\">Todas las unidades curriculares de los tres Campos de la Formaci\u00f3n de 1er. a\u00f1o<\/td>\n<td width=\"120\">Todas las unidades curriculares de los tres Campos de la Formaci\u00f3n de 2do. a\u00f1o<\/td>\n<\/tr>\n<tr>\n<td width=\"196\">Historia Argentina y Latinoamericana<\/td>\n<td width=\"43\">4\u00b0<\/td>\n<td width=\"120\">Did\u00e1ctica General<\/td>\n<td width=\"120\"><\/td>\n<td width=\"120\"><\/td>\n<\/tr>\n<tr>\n<td width=\"196\">Arte y Culturas Contempor\u00e1neas<\/td>\n<td width=\"43\">4\u00b0<\/td>\n<td width=\"120\">Ciencias Sociales y su Did\u00e1ctica I<\/p>\n<p>TIC y Dise\u00f1o de Materiales<\/td>\n<td width=\"120\"><\/td>\n<td width=\"120\">Ciencias Sociales y su Did\u00e1ctica I<\/p>\n<p>TIC y Dise\u00f1o de Materiales<\/p>\n<p>Did\u00e1ctica General<\/td>\n<\/tr>\n<tr>\n<td width=\"196\">Historia y Pol\u00edtica de la Educaci\u00f3n Argentina<\/td>\n<td width=\"43\">4\u00b0<\/td>\n<td width=\"120\">Historia Argentina y Latinoamericana<\/td>\n<td width=\"120\"><\/td>\n<td width=\"120\">Historia Argentina y Latinoamericana<\/td>\n<\/tr>\n<tr>\n<td width=\"196\">Problem\u00e1ticas Contempor\u00e1neas de la Educaci\u00f3n Primaria<\/td>\n<td width=\"43\">4\u00b0<\/td>\n<td width=\"120\">Practica III: La Ense\u00f1anza de las \u00c1reas<\/td>\n<td width=\"120\"><\/td>\n<td width=\"120\">Practica III: La Ense\u00f1anza de las \u00c1reas<\/td>\n<\/tr>\n<tr>\n<td width=\"196\">Integraci\u00f3n Escolar en la Educaci\u00f3n Primaria<\/td>\n<td width=\"43\">4\u00b0<\/td>\n<td width=\"120\">Practica III: La Ense\u00f1anza de las \u00c1reas<\/td>\n<td width=\"120\"><\/td>\n<td width=\"120\">Practica III: La Ense\u00f1anza de las \u00c1reas<\/td>\n<\/tr>\n<tr>\n<td width=\"196\">Residencia Pedag\u00f3gica<\/td>\n<td width=\"43\">4\u00b0<\/td>\n<td width=\"120\">Todas las unidades curriculares de los tres Campos de la Formaci\u00f3n de 3er. a\u00f1o<\/td>\n<td width=\"120\">Todas las unidades curriculares de los tres Campos de la Formaci\u00f3n de 2do. a\u00f1o<\/td>\n<td width=\"120\">Todas las unidades curriculares de los tres Campos de la Formaci\u00f3n de 3er. a\u00f1o<\/td>\n<\/tr>\n<\/tbody>\n<\/table>\n<\/div>\n","protected":false},"excerpt":{"rendered":"<p>Cuadro de Correlatividades del Profesorado de Educaci\u00f3n Primaria UNIDADES CURRICULARES Y A\u00d1O DE CURSADA PARA CURSAR PARA APROBAR Denominaci\u00f3n de la Unidad Curricular A\u00f1o Debe tener cursada Debe tener aprobada Debe tener aprobada Alfabetizaci\u00f3n Acad\u00e9mica 1\u00b0 No presenta correlatividad &#8212;&#8212;&#8212;&#8212;&#8212;&#8212;&#8211; No presenta correlatividad Filosof\u00eda 1\u00b0 No presenta correlatividad &#8212;&#8212;&#8212;&#8212;&#8212;&#8212;&#8211; No presenta correlatividad Pedagog\u00eda 1\u00b0 No &#8230; <a title=\"R\u00e9gimen de Correlatividades\" class=\"read-more\" href=\"https:\/\/isfdgralacha-lpa.infd.edu.ar\/sitio\/investigacion\/\" aria-label=\"More on R\u00e9gimen de Correlatividades\">[+]<\/a><\/p>\n","protected":false},"author":12,"featured_media":0,"parent":0,"menu_order":0,"comment_status":"closed","ping_status":"closed","template":"","meta":[],"acf":[],"_links":{"self":[{"href":"https:\/\/isfdgralacha-lpa.infd.edu.ar\/sitio\/wp-json\/wp\/v2\/pages\/727"}],"collection":[{"href":"https:\/\/isfdgralacha-lpa.infd.edu.ar\/sitio\/wp-json\/wp\/v2\/pages"}],"about":[{"href":"https:\/\/isfdgralacha-lpa.infd.edu.ar\/sitio\/wp-json\/wp\/v2\/types\/page"}],"author":[{"embeddable":true,"href":"https:\/\/isfdgralacha-lpa.infd.edu.ar\/sitio\/wp-json\/wp\/v2\/users\/12"}],"replies":[{"embeddable":true,"href":"https:\/\/isfdgralacha-lpa.infd.edu.ar\/sitio\/wp-json\/wp\/v2\/comments?post=727"}],"version-history":[{"count":3,"href":"https:\/\/isfdgralacha-lpa.infd.edu.ar\/sitio\/wp-json\/wp\/v2\/pages\/727\/revisions"}],"predecessor-version":[{"id":860,"href":"https:\/\/isfdgralacha-lpa.infd.edu.ar\/sitio\/wp-json\/wp\/v2\/pages\/727\/revisions\/860"}],"wp:attachment":[{"href":"https:\/\/isfdgralacha-lpa.infd.edu.ar\/sitio\/wp-json\/wp\/v2\/media?parent=727"}],"curies":[{"name":"wp","href":"https:\/\/api.w.org\/{rel}","templated":true}]}}