{"id":750,"date":"2018-06-28T17:25:08","date_gmt":"2018-06-28T20:25:08","guid":{"rendered":"https:\/\/isfdgralacha-lpa.infd.edu.ar\/sitio\/datos-institucionales\/"},"modified":"2021-05-05T20:54:44","modified_gmt":"2021-05-05T23:54:44","slug":"datos-institucionales","status":"publish","type":"page","link":"https:\/\/isfdgralacha-lpa.infd.edu.ar\/sitio\/datos-institucionales\/","title":{"rendered":"Datos institucionales"},"content":{"rendered":"<p><span style=\"font-size: x-small; font-family: verdana,geneva;\">Instituto Superior de Formaci\u00f3n Docente Escuela Normal General Acha<\/span><\/p>\n<p><span style=\"font-size: x-small; font-family: verdana,geneva;\">Espa\u00f1a 150<\/span><\/p>\n<p><span style=\"font-size: x-small; font-family: verdana,geneva;\">Tel\/Fax: 02952 436950<\/span><\/p>\n<p><span style=\"font-size: x-small; font-family: verdana,geneva;\">(8200) General Acha- La Pampa- Argentina<\/span><\/p>\n<p><span style=\"font-size: x-small; font-family: verdana,geneva;\">Horario de atenci\u00f3n: 18 a 22 hs.<\/span><\/p>\n<p><span style=\"font-size: x-small;\"><span style=\"font-family: verdana,geneva;\">Direcci\u00f3n electr\u00f3nica: <a href=\"isfd.generalacha@lapampa.edu.ar\">isfd.generalacha@lapampa.edu.ar<\/a><\/span><\/span><\/p>\n<p><span style=\"font-size: x-small; font-family: verdana,geneva;\"><a href=\"http:\/\/isfdgralacha.lpa.infd.edu.ar\">http:\/\/isfdgralacha.lpa.infd.edu.ar<\/a><\/span><\/p>\n","protected":false},"excerpt":{"rendered":"<p>Instituto Superior de Formaci\u00f3n Docente Escuela Normal General Acha Espa\u00f1a 150 Tel\/Fax: 02952 436950 (8200) General Acha- La Pampa- Argentina Horario de atenci\u00f3n: 18 a 22 hs. Direcci\u00f3n electr\u00f3nica: isfd.generalacha@lapampa.edu.ar http:\/\/isfdgralacha.lpa.infd.edu.ar<\/p>\n","protected":false},"author":12,"featured_media":0,"parent":0,"menu_order":0,"comment_status":"closed","ping_status":"closed","template":"","meta":[],"acf":[],"_links":{"self":[{"href":"https:\/\/isfdgralacha-lpa.infd.edu.ar\/sitio\/wp-json\/wp\/v2\/pages\/750"}],"collection":[{"href":"https:\/\/isfdgralacha-lpa.infd.edu.ar\/sitio\/wp-json\/wp\/v2\/pages"}],"about":[{"href":"https:\/\/isfdgralacha-lpa.infd.edu.ar\/sitio\/wp-json\/wp\/v2\/types\/page"}],"author":[{"embeddable":true,"href":"https:\/\/isfdgralacha-lpa.infd.edu.ar\/sitio\/wp-json\/wp\/v2\/users\/12"}],"replies":[{"embeddable":true,"href":"https:\/\/isfdgralacha-lpa.infd.edu.ar\/sitio\/wp-json\/wp\/v2\/comments?post=750"}],"version-history":[{"count":3,"href":"https:\/\/isfdgralacha-lpa.infd.edu.ar\/sitio\/wp-json\/wp\/v2\/pages\/750\/revisions"}],"predecessor-version":[{"id":816,"href":"https:\/\/isfdgralacha-lpa.infd.edu.ar\/sitio\/wp-json\/wp\/v2\/pages\/750\/revisions\/816"}],"wp:attachment":[{"href":"https:\/\/isfdgralacha-lpa.infd.edu.ar\/sitio\/wp-json\/wp\/v2\/media?parent=750"}],"curies":[{"name":"wp","href":"https:\/\/api.w.org\/{rel}","templated":true}]}}