{"id":755,"date":"2018-06-28T17:25:10","date_gmt":"2018-06-28T20:25:10","guid":{"rendered":"https:\/\/isfdgralacha-lpa.infd.edu.ar\/sitio\/plan-de-estudios\/"},"modified":"2021-11-23T19:29:47","modified_gmt":"2021-11-23T22:29:47","slug":"plan-de-estudios","status":"publish","type":"page","link":"https:\/\/isfdgralacha-lpa.infd.edu.ar\/sitio\/plan-de-estudios\/","title":{"rendered":"PLAN DE ESTUDIOS \u2013 PROFESORADO DE EDUCACI\u00d3N PRIMARIA- RESOL N\u00b0 1169\/15"},"content":{"rendered":"<table>\n<tbody>\n<tr>\n<td width=\"246\">\n<p style=\"text-align: center;\"><span style=\"color: #cc99ff;\"><strong>PRIMER A\u00d1O<\/strong><\/span><\/p>\n<\/td>\n<td width=\"246\">\n<p style=\"text-align: center;\"><span style=\"color: #339966;\"><strong>SEGUNDO A\u00d1O<\/strong><\/span><\/p>\n<\/td>\n<td width=\"246\">\n<p style=\"text-align: center;\"><span style=\"color: #ff99cc;\"><strong>TERCER A\u00d1O<\/strong><\/span><\/p>\n<\/td>\n<td width=\"234\">\n<p style=\"text-align: center;\"><span style=\"color: #ff0000;\"><strong>CUARTO A\u00d1O<\/strong><\/span><\/p>\n<\/td>\n<\/tr>\n<tr>\n<td width=\"246\">ALFABETIZACI\u00d3N ACAD\u00c9MICA<\/td>\n<td width=\"246\">DID\u00c1CTICA GENERAL<\/td>\n<td width=\"246\">LENGUA, LITERATURA Y SU DID\u00c1CTICA II<\/td>\n<td width=\"234\">HISTORIA ARGENTINA Y LATINOAMERICANA<\/td>\n<\/tr>\n<tr>\n<td width=\"246\">PEDAGOG\u00cdA<\/td>\n<td width=\"246\">SOCIOLOG\u00cdA DE LA EDUCACI\u00d3N<\/td>\n<td width=\"246\">MATEM\u00c1TICA Y SU DID\u00c1CTICA II<\/td>\n<td width=\"234\">ARTE Y CULTURAS CONTEMPOR\u00c1NEAS<\/td>\n<\/tr>\n<tr>\n<td width=\"246\">FILOSOF\u00cdA<\/td>\n<td width=\"246\">LENGUA, LITERATURA Y SU DID\u00c1CTICA I<\/td>\n<td width=\"246\">CIENCIAS SOCIALES Y SU DID\u00c1CTICA II<\/td>\n<td width=\"234\">HISTORIA Y POL\u00cdTICA DE LA EDUCACI\u00d3N ARGENTINA<\/td>\n<\/tr>\n<tr>\n<td width=\"246\">PSICOLOG\u00cdA<\/td>\n<td width=\"246\">MATEM\u00c1TICA Y SU DID\u00c1CTICA I<\/td>\n<td width=\"246\">CIENCIAS NATURALES Y SU DID\u00c1CTICA II<\/td>\n<td width=\"234\">ESPACIO DE DEFINICI\u00d3N INSTITUCIONAL (2):<\/p>\n<p>&#8211; INVESTIGACI\u00d3N EDUCATIVA<\/p>\n<p>&#8211; CULTURA Y EST\u00c9TICA<\/td>\n<\/tr>\n<tr>\n<td width=\"246\">TICS Y LA ENSE\u00d1ANZA<\/td>\n<td width=\"246\">CIENCIAS SOCIALES Y SU DID\u00c1CTICA I<\/td>\n<td width=\"246\">FORMACI\u00d3N \u00c9TICA Y CIUDADANA Y SU DID\u00c1CTICA<\/td>\n<td width=\"234\">ESPACIO DE DEFINICI\u00d3N INSTITUCIONAL (3): ESTUDIOS SOCIALES DE LA PAMPA<\/td>\n<\/tr>\n<tr>\n<td width=\"246\">ESPACIO DE DEFINICI\u00d3N INSTITUCIONAL (1): TEATRO T\u00cdTERE Y NARRACI\u00d3N<\/td>\n<td width=\"246\">CIENCIAS NATURALES Y SU DID\u00c1CTICA I<\/td>\n<td width=\"246\">ALFABETIZACI\u00d3N INICIAL<\/td>\n<td width=\"234\">INCLUSI\u00d3N ESCOLAR<\/td>\n<\/tr>\n<tr>\n<td width=\"246\">LAS CIENCIAS SOCIALES EN LA EDUCACI\u00d3N PRIMARIA<\/td>\n<td width=\"246\">SUJETO DE LA EDUCACI\u00d3N PRIMARIA<\/td>\n<td width=\"246\">ESI Y CUIDADO DE LA SALUD<\/td>\n<td width=\"234\">PROBLEM\u00c1TICAS Y DESAF\u00cdOS CONTEMPOR\u00c1NEOS DE LA EDUCACI\u00d3N PRIMARIA<\/td>\n<\/tr>\n<tr>\n<td width=\"246\">LAS CIENCIAS NATURALES EN LA EDUCACI\u00d3N PRIMARIA<\/td>\n<td width=\"246\">PR\u00c1CTICA II: CURR\u00cdCULUM Y ENSE\u00d1ANZA<\/td>\n<td width=\"246\">TICS Y DISE\u00d1O DE MATERIALES<\/td>\n<td width=\"234\">PR\u00c1CTICA IV: RESIDENCIA PEDAG\u00d3GICA INTEGRAL.<\/td>\n<\/tr>\n<tr>\n<td width=\"246\">LA MATEM\u00c1TICA EN LA EDUCACI\u00d3N PRIMARIA<\/td>\n<td width=\"246\"><\/td>\n<td width=\"246\">PR\u00c1CTICA III: LA ENSE\u00d1ANZA DE LAS \u00c1REAS<\/td>\n<td width=\"234\"><\/td>\n<\/tr>\n<tr>\n<td width=\"246\">PR\u00c1CTICA I: INSTITUCIONES Y CONTEXTOS<\/td>\n<td width=\"246\"><\/td>\n<td width=\"246\"><\/td>\n<td width=\"234\"><\/td>\n<\/tr>\n<\/tbody>\n<\/table>\n","protected":false},"excerpt":{"rendered":"<p>PRIMER A\u00d1O SEGUNDO A\u00d1O TERCER A\u00d1O CUARTO A\u00d1O ALFABETIZACI\u00d3N ACAD\u00c9MICA DID\u00c1CTICA GENERAL LENGUA, LITERATURA Y SU DID\u00c1CTICA II HISTORIA ARGENTINA Y LATINOAMERICANA PEDAGOG\u00cdA SOCIOLOG\u00cdA DE LA EDUCACI\u00d3N MATEM\u00c1TICA Y SU DID\u00c1CTICA II ARTE Y CULTURAS CONTEMPOR\u00c1NEAS FILOSOF\u00cdA LENGUA, LITERATURA Y SU DID\u00c1CTICA I CIENCIAS SOCIALES Y SU DID\u00c1CTICA II HISTORIA Y POL\u00cdTICA DE LA EDUCACI\u00d3N &#8230; <a title=\"PLAN DE ESTUDIOS \u2013 PROFESORADO DE EDUCACI\u00d3N PRIMARIA- RESOL N\u00b0 1169\/15\" class=\"read-more\" href=\"https:\/\/isfdgralacha-lpa.infd.edu.ar\/sitio\/plan-de-estudios\/\" aria-label=\"More on PLAN DE ESTUDIOS \u2013 PROFESORADO DE EDUCACI\u00d3N PRIMARIA- RESOL N\u00b0 1169\/15\">[+]<\/a><\/p>\n","protected":false},"author":663,"featured_media":0,"parent":0,"menu_order":0,"comment_status":"closed","ping_status":"closed","template":"","meta":[],"acf":[],"_links":{"self":[{"href":"https:\/\/isfdgralacha-lpa.infd.edu.ar\/sitio\/wp-json\/wp\/v2\/pages\/755"}],"collection":[{"href":"https:\/\/isfdgralacha-lpa.infd.edu.ar\/sitio\/wp-json\/wp\/v2\/pages"}],"about":[{"href":"https:\/\/isfdgralacha-lpa.infd.edu.ar\/sitio\/wp-json\/wp\/v2\/types\/page"}],"author":[{"embeddable":true,"href":"https:\/\/isfdgralacha-lpa.infd.edu.ar\/sitio\/wp-json\/wp\/v2\/users\/663"}],"replies":[{"embeddable":true,"href":"https:\/\/isfdgralacha-lpa.infd.edu.ar\/sitio\/wp-json\/wp\/v2\/comments?post=755"}],"version-history":[{"count":2,"href":"https:\/\/isfdgralacha-lpa.infd.edu.ar\/sitio\/wp-json\/wp\/v2\/pages\/755\/revisions"}],"predecessor-version":[{"id":847,"href":"https:\/\/isfdgralacha-lpa.infd.edu.ar\/sitio\/wp-json\/wp\/v2\/pages\/755\/revisions\/847"}],"wp:attachment":[{"href":"https:\/\/isfdgralacha-lpa.infd.edu.ar\/sitio\/wp-json\/wp\/v2\/media?parent=755"}],"curies":[{"name":"wp","href":"https:\/\/api.w.org\/{rel}","templated":true}]}}