{"id":759,"date":"2018-06-28T17:25:12","date_gmt":"2018-06-28T20:25:12","guid":{"rendered":"https:\/\/isfdgralacha-lpa.infd.edu.ar\/sitio\/autoridades\/"},"modified":"2023-10-25T22:14:43","modified_gmt":"2023-10-26T01:14:43","slug":"autoridades","status":"publish","type":"page","link":"https:\/\/isfdgralacha-lpa.infd.edu.ar\/sitio\/autoridades\/","title":{"rendered":"Autoridades"},"content":{"rendered":"<p><span style=\"font-size: small; color: #cc6600; font-family: arial,helvetica,sans-serif;\"><strong>\u00a0<\/strong><\/span><\/p>\n<p><span style=\"font-size: small; color: #000000; font-family: verdana,geneva;\"><strong><span style=\"font-family: arial,helvetica,sans-serif;\"><span style=\"font-size: 10pt;\"><span style=\"font-family: verdana, geneva; font-size: small;\">Directora<\/span><\/span><span style=\"font-size: 10pt;\">: Laura Gabriela DIAZ<\/span><\/span><\/strong><\/span><\/p>\n<p><span style=\"font-size: small;\"><span style=\"font-family: arial,helvetica,sans-serif;\"><span style=\"font-size: 10pt;\"><strong>Secretar\u00eda Administrativa: Carla Florencia BACHA<\/strong><\/span><\/span><\/span><\/p>\n<p><span style=\"font-size: small;\"><span style=\"font-family: arial,helvetica,sans-serif;\"><span style=\"font-size: 10pt;\"><b style=\"font-family: arial, helvetica, sans-serif; font-size: 10pt;\">Secretar\u00eda <\/b><span style=\"font-family: arial, helvetica, sans-serif;\"><span style=\"font-size: 13.3333px;\"><b>Acad\u00e9mica<\/b><\/span><\/span><b style=\"font-family: arial, helvetica, sans-serif; font-size: 10pt;\">: Mar\u00eda Marta GATICA<\/b><\/span><\/span><\/span><\/p>\n<p><span style=\"font-size: small;\"><span style=\"font-family: arial,helvetica,sans-serif;\"><span style=\"font-size: 10pt;\"><strong>Bedel: Gabriela Jesica KISSNER<\/strong>\u00a0<\/span><\/span><\/span><span style=\"font-size: small;\"><span style=\"font-family: arial,helvetica,sans-serif;\"><span style=\"font-size: 10pt;\">\u00a0\u00a0\u00a0\u00a0\u00a0\u00a0\u00a0\u00a0\u00a0\u00a0\u00a0 <\/span><\/span><\/span><\/p>\n","protected":false},"excerpt":{"rendered":"<p>\u00a0 Directora: Laura Gabriela DIAZ Secretar\u00eda Administrativa: Carla Florencia BACHA Secretar\u00eda Acad\u00e9mica: Mar\u00eda Marta GATICA Bedel: Gabriela Jesica KISSNER\u00a0\u00a0\u00a0\u00a0\u00a0\u00a0\u00a0\u00a0\u00a0\u00a0\u00a0\u00a0<\/p>\n","protected":false},"author":12,"featured_media":0,"parent":0,"menu_order":0,"comment_status":"closed","ping_status":"closed","template":"","meta":[],"acf":[],"_links":{"self":[{"href":"https:\/\/isfdgralacha-lpa.infd.edu.ar\/sitio\/wp-json\/wp\/v2\/pages\/759"}],"collection":[{"href":"https:\/\/isfdgralacha-lpa.infd.edu.ar\/sitio\/wp-json\/wp\/v2\/pages"}],"about":[{"href":"https:\/\/isfdgralacha-lpa.infd.edu.ar\/sitio\/wp-json\/wp\/v2\/types\/page"}],"author":[{"embeddable":true,"href":"https:\/\/isfdgralacha-lpa.infd.edu.ar\/sitio\/wp-json\/wp\/v2\/users\/12"}],"replies":[{"embeddable":true,"href":"https:\/\/isfdgralacha-lpa.infd.edu.ar\/sitio\/wp-json\/wp\/v2\/comments?post=759"}],"version-history":[{"count":3,"href":"https:\/\/isfdgralacha-lpa.infd.edu.ar\/sitio\/wp-json\/wp\/v2\/pages\/759\/revisions"}],"predecessor-version":[{"id":912,"href":"https:\/\/isfdgralacha-lpa.infd.edu.ar\/sitio\/wp-json\/wp\/v2\/pages\/759\/revisions\/912"}],"wp:attachment":[{"href":"https:\/\/isfdgralacha-lpa.infd.edu.ar\/sitio\/wp-json\/wp\/v2\/media?parent=759"}],"curies":[{"name":"wp","href":"https:\/\/api.w.org\/{rel}","templated":true}]}}